{"id":311,"date":"2013-08-19T22:04:12","date_gmt":"2013-08-19T20:04:12","guid":{"rendered":"http:\/\/rinschbachtal.de\/news\/?page_id=311"},"modified":"2025-12-22T11:27:35","modified_gmt":"2025-12-22T09:27:35","slug":"die-kirche","status":"publish","type":"page","link":"https:\/\/rinschbachtal.de\/news\/?page_id=311","title":{"rendered":"Die Kirche"},"content":{"rendered":"<p><strong>Die Mauritiuskirche<\/strong><\/p>\n<p>Die St. Maurtiuskirche ist \u00fcber Hemsbach hinaus von gro\u00dfer regionaler Bedeutung. Als Logo der Seelsorgeeinheit ist sie auch Ausdruck h\u00f6chster Wertsch\u00e4tzung und verbindendes Element der Seelsorgeeinheit Adelsheim-Osterburken-Seckach.<\/p>\n<p>Wohl auf einer ehemaligen heidnischen Kultst\u00e4tte errichtet, wurde sie erstmals 1281 urkundlich erw\u00e4hnt. Der romanische Turm im Chorgew\u00f6lbe d\u00fcrfte aber wesentlich \u00e4lter sein. Das Fachwerkobergeschoss wurde im 17. Jahrhundert anstelle einer romanischen Glockenstube mit Biforien aufgesetzt.<br \/>\nSt. Mauritius gibt das Bild einer mittelalterlichen Kirche mit ummauertem Kirchhof wieder. Kunsthistorisch von Bedeutung ist die mittelalterliche Bemalung an den W\u00e4nden. An der Ostseite und S\u00fcdseite der Beginn der Sch\u00f6pfungsgeschichte, an der Westseite Darstellungen aus dem Neuen Testament, die an der Nordseite fortgesetzt werden. Datierungen dieser Malereien gehen in die 2. H\u00e4lfte des 14. Jahrhunderts.<br \/>\nBeachtenswert auch die \u00fcberdachte h\u00f6lzerne Freitreppe zur Empore. Im sp\u00e4tromanischen Chor runden der Hochaltar, eine einfache Mensa und die Seitenalt\u00e4re mit gedrehten S\u00e4ulen und eine Muttergottes aus dem 15. Jahrhundert den Gesamteindruck der Kirche ab. Malereien, Alt\u00e4re, sowie Innenbereich der Kirche wurden durch Initiativen des F\u00f6rdervereins im Jahr 2005\/06 renoviert.<br \/>\n<em>Text: A. R\u00fcckert<\/em><\/p>\n<p><strong>Weitere Informationsquellen:<\/strong><\/p>\n<ul>\n<li><a href=\"http:\/\/de.wikipedia.org\/wiki\/St.-Mauritius-Kirche_%28Hemsbach%29\">Wikipedia-Artikel zur Kirche<\/a><\/li>\n<li>Buch: <a title=\"Kirchenf\u00fchrer\" href=\"https:\/\/rinschbachtal.de\/news\/?page_id=293\">Die Kirche St. Mauritius in Hemsbach von Dr. Elmar Wei\u00df<\/a><\/li>\n<li>Hausarbeit \u00fcber Hemsbach von Thorsten Klein lesen oder als Word-Dokument (770 kb) herunterladen.<\/li>\n<\/ul>\n<p>Sie interessieren sich f\u00fcr einen Besuch der Mauritiuskirche?<br \/>\nDie Kirche ist im Regelfall nicht mehr ge\u00f6ffnet. Falls Sie hineingehen m\u00f6chten, melden Sie sich bitte im Pfarrb\u00fcro Osterburken. An der Kirche finden Sie Infos zum Bauwerk.<\/p>\n<p><img decoding=\"async\" title=\"gallery ids=&quot;283,285,290,289,288,287&quot;\" src=\"https:\/\/rinschbachtal.de\/news\/wp-includes\/js\/tinymce\/plugins\/wpgallery\/img\/t.gif\" alt=\"\" \/><\/p>\n<p>&nbsp;<\/p>\n","protected":false},"excerpt":{"rendered":"<p>Die Mauritiuskirche Die St. Maurtiuskirche ist \u00fcber Hemsbach hinaus von gro\u00dfer regionaler Bedeutung. Als Logo der Seelsorgeeinheit ist sie auch Ausdruck h\u00f6chster Wertsch\u00e4tzung und verbindendes Element der Seelsorgeeinheit Adelsheim-Osterburken-Seckach. Wohl auf einer ehemaligen heidnischen Kultst\u00e4tte errichtet, wurde sie erstmals 1281 urkundlich erw\u00e4hnt. Der romanische Turm im Chorgew\u00f6lbe d\u00fcrfte aber wesentlich \u00e4lter sein. Das Fachwerkobergeschoss wurde [&hellip;]<\/p>\n","protected":false},"author":2,"featured_media":0,"parent":280,"menu_order":0,"comment_status":"closed","ping_status":"closed","template":"","meta":{"footnotes":""},"class_list":["post-311","page","type-page","status-publish","hentry"],"_links":{"self":[{"href":"https:\/\/rinschbachtal.de\/news\/index.php?rest_route=\/wp\/v2\/pages\/311","targetHints":{"allow":["GET"]}}],"collection":[{"href":"https:\/\/rinschbachtal.de\/news\/index.php?rest_route=\/wp\/v2\/pages"}],"about":[{"href":"https:\/\/rinschbachtal.de\/news\/index.php?rest_route=\/wp\/v2\/types\/page"}],"author":[{"embeddable":true,"href":"https:\/\/rinschbachtal.de\/news\/index.php?rest_route=\/wp\/v2\/users\/2"}],"replies":[{"embeddable":true,"href":"https:\/\/rinschbachtal.de\/news\/index.php?rest_route=%2Fwp%2Fv2%2Fcomments&post=311"}],"version-history":[{"count":4,"href":"https:\/\/rinschbachtal.de\/news\/index.php?rest_route=\/wp\/v2\/pages\/311\/revisions"}],"predecessor-version":[{"id":1478,"href":"https:\/\/rinschbachtal.de\/news\/index.php?rest_route=\/wp\/v2\/pages\/311\/revisions\/1478"}],"up":[{"embeddable":true,"href":"https:\/\/rinschbachtal.de\/news\/index.php?rest_route=\/wp\/v2\/pages\/280"}],"wp:attachment":[{"href":"https:\/\/rinschbachtal.de\/news\/index.php?rest_route=%2Fwp%2Fv2%2Fmedia&parent=311"}],"curies":[{"name":"wp","href":"https:\/\/api.w.org\/{rel}","templated":true}]}}