{"id":280,"date":"2013-08-19T21:24:54","date_gmt":"2013-08-19T19:24:54","guid":{"rendered":"http:\/\/rinschbachtal.de\/news\/?page_id=280"},"modified":"2015-02-01T21:58:46","modified_gmt":"2015-02-01T19:58:46","slug":"st-mauritius","status":"publish","type":"page","link":"https:\/\/rinschbachtal.de\/news\/?page_id=280","title":{"rendered":"Mauritiuskirche"},"content":{"rendered":"<p><strong>Verein zu Renovierung und Erhalt der Hemsbacher Mauritiuskirche<\/strong><\/p>\n<div id=\"attachment_447\" style=\"width: 160px\" class=\"wp-caption alignleft\"><a href=\"https:\/\/rinschbachtal.de\/news\/wp-content\/uploads\/2013\/08\/kirchewinter011.jpg\"><img loading=\"lazy\" decoding=\"async\" aria-describedby=\"caption-attachment-447\" class=\"size-thumbnail wp-image-447\" src=\"https:\/\/rinschbachtal.de\/news\/wp-content\/uploads\/2013\/08\/kirchewinter011-150x150.jpg\" alt=\"Mauritiuskirche Hemsbach\" width=\"150\" height=\"150\" \/><\/a><p id=\"caption-attachment-447\" class=\"wp-caption-text\">Mauritiuskirche Hemsbach<\/p><\/div>\n<p>Willkommen beim F\u00f6rderverein St. Mauritius Hemsbach e.V.!<\/p>\n<p>Helfen Sie mit, die wertvollen Fresken und Bilder im Innenraum der Kirche zu erhalten! Wir begr\u00fc\u00dfen Sie auf unseren Internetseiten. Wir m\u00f6chten Sie hier \u00fcber die Hemsbacher Kirche, unseren Verein und eine Mitgliedschaft darin informieren. Die im Jahr 1281 zum ersten Mal urkundlich erw\u00e4hnte Kirche gilt als \u00e4lteste im Neckar-Odenwald-Kreis. Sie geh\u00f6rt zu den \u00e4ltesten kirchlichen Bauwerken des alten Bistums W\u00fcrzburg \u00fcberhaupt. Im Mittelalter war die Kirche ein popul\u00e4rer Wallfahrtsort. Der &#8222;Altar der drei Jungfrauen&#8220; versprach Heilung von R\u00fcckenschmerzen. Sehenswert ist eine Madonnenstatue aus den Jahren um 1450.<\/p>\n<p>Die von uns unterst\u00fctzte Innenrenovation der Mauritiuskirche wurde von August 2005 bis April 2006 durchgef\u00fchrt. Wir wollen uns weiterhin f\u00fcr den Erhalt der Kirche einsetzen und halten unsere Mittel f\u00fcr Renovierungsma\u00dfnahmen und Investitionen bereit.<\/p>\n<p>Besuchen Sie auch die <a href=\"http:\/\/st-kilian-osterburken.de\/\">Internetpr\u00e4senz der Seelsorgeeinheit Adelsheim-Osterburken-Seckach<\/a>.<\/p>\n<p><strong>Termine:<\/strong><\/p>\n<p>&nbsp;<\/p>\n<ul>\n<li>28.09.2012 &#8211; 10 Jahre F\u00f6rderverein St. Mauritius Hemsbach e.V. &#8211; kleiner Einblick in die Vereinsaktivit\u00e4ten<\/li>\n<li>21.12.2011 &#8211; &#8222;Himmlische Kl\u00e4nge zum Advent&#8220;: Bericht zum Adventskonzert 2011. Wir bedanken uns bei den Mitgliedern und Unterst\u00fctzern des F\u00f6rdervereins f\u00fcr die geleistete Utnerst\u00fctzung und w\u00fcnschen Ihnen allen eine ruhige Adventszeit und gesegnete Weihnachten.<\/li>\n<li>27.08.2011 -Bericht zur Mitgliederversammlung 2011<\/li>\n<li>09.12.2009 &#8211; &#8222;Himmlische Kl\u00e4nge zum Advent&#8220;: Bericht vom Adventskonzert in St. Mauritius am 6. Dezember.<\/li>\n<li>23.12.2008 &#8211; Bericht und <a href=\"http:\/\/rinschbachtal.de\/galerie\/thumbnails.php?album=55\">Bilder zum Adventskonzert in der Mauritiuskirche<\/a><\/li>\n<li>17.11.2008 &#8211; Bericht zur Mitgliederversammlung 2008<\/li>\n<li>21.09.2008 &#8211; Das diesj\u00e4hrige Mauritiusfest fand am 21. September statt. Nach einem Gottesdienst bewirtete der F\u00f6rderverein mit einem Mittagessen und Kaffee und Kuchen, ehe am Abend die Lichterprozession stattfand. Wir danken den Helfern und Kuchenspendern recht herzlich.<\/li>\n<\/ul>\n<p><strong>Wer sind wir?<\/strong><\/p>\n<p>Unser Verein ist gegr\u00fcndet worden, um die notwendigen Mittel zur dringend f\u00e4lligen Innenrenovation der Hemsbacher Maurituskirche zusammmenzutragen. Schon Pfarrer Berg, der in den 90-er Jahren die Au\u00dfenw\u00e4nde der Hemsbacher Kirche erneuern lie\u00df, machte darauf aufmerksam: Auch der Innenraum der Hemsbacher Mauritiuskirche muss dringend renoviert werden.<\/p>\n<p>Gr\u00fcnde f\u00fcr einen solchen Schritt gab es gen\u00fcgend: Durch das Jahrhunderthochwasser 1993 wurde das Gotteshaus erheblich in Mitleidenschaft gezogen. Die letzte Komplettrenovation fand von 1963-66 statt, an den Fresken und Bildern im Innenraum nagte seitdem wieder der Zahn der Zeit. Von August 2005 bis April 2006 fanden die Innenrenovationsarbeiten statt, ehe die Kirche an Ostern 2006 wiederer\u00f6ffnet wurde. Malereien, Alt\u00e4re sowie der Innenbereich der Kirche wurden durch Initiativen des F\u00f6rdervereins mitfinanziert. Auf der Jahreshauptversammlung 2006 wurde beschlossen, den Verein weiterzuf\u00fchren, um auch weiterhin Ausbesserungsarbeiten oder Anschaffungen f\u00fcr das Gotteshaus t\u00e4tigen zu k\u00f6nnen. Wenn auch Ihnen die Kirche am Herzen liegt, k\u00f6nnen Sie daher unseren Verein unterst\u00fctzen, indem Sie <a title=\"Beitritt\" href=\"https:\/\/rinschbachtal.de\/news\/?page_id=299\">dem Verein beitreten<\/a>.<\/p>\n","protected":false},"excerpt":{"rendered":"<p>Verein zu Renovierung und Erhalt der Hemsbacher Mauritiuskirche Willkommen beim F\u00f6rderverein St. Mauritius Hemsbach e.V.! Helfen Sie mit, die wertvollen Fresken und Bilder im Innenraum der Kirche zu erhalten! Wir begr\u00fc\u00dfen Sie auf unseren Internetseiten. Wir m\u00f6chten Sie hier \u00fcber die Hemsbacher Kirche, unseren Verein und eine Mitgliedschaft darin informieren. Die im Jahr 1281 zum [&hellip;]<\/p>\n","protected":false},"author":2,"featured_media":0,"parent":0,"menu_order":0,"comment_status":"closed","ping_status":"closed","template":"","meta":{"footnotes":""},"class_list":["post-280","page","type-page","status-publish","hentry"],"_links":{"self":[{"href":"https:\/\/rinschbachtal.de\/news\/index.php?rest_route=\/wp\/v2\/pages\/280","targetHints":{"allow":["GET"]}}],"collection":[{"href":"https:\/\/rinschbachtal.de\/news\/index.php?rest_route=\/wp\/v2\/pages"}],"about":[{"href":"https:\/\/rinschbachtal.de\/news\/index.php?rest_route=\/wp\/v2\/types\/page"}],"author":[{"embeddable":true,"href":"https:\/\/rinschbachtal.de\/news\/index.php?rest_route=\/wp\/v2\/users\/2"}],"replies":[{"embeddable":true,"href":"https:\/\/rinschbachtal.de\/news\/index.php?rest_route=%2Fwp%2Fv2%2Fcomments&post=280"}],"version-history":[{"count":23,"href":"https:\/\/rinschbachtal.de\/news\/index.php?rest_route=\/wp\/v2\/pages\/280\/revisions"}],"predecessor-version":[{"id":648,"href":"https:\/\/rinschbachtal.de\/news\/index.php?rest_route=\/wp\/v2\/pages\/280\/revisions\/648"}],"wp:attachment":[{"href":"https:\/\/rinschbachtal.de\/news\/index.php?rest_route=%2Fwp%2Fv2%2Fmedia&parent=280"}],"curies":[{"name":"wp","href":"https:\/\/api.w.org\/{rel}","templated":true}]}}