{"id":239,"date":"2013-08-09T15:34:26","date_gmt":"2013-08-09T13:34:26","guid":{"rendered":"http:\/\/rinschbachtal.de\/news\/?page_id=239"},"modified":"2013-08-09T15:35:18","modified_gmt":"2013-08-09T13:35:18","slug":"60-jaehriges-jubilaeum-2002","status":"publish","type":"page","link":"https:\/\/rinschbachtal.de\/news\/?page_id=239","title":{"rendered":"60 J\u00e4hriges Jubil\u00e4um 2002"},"content":{"rendered":"<h1><span style=\"color: #ff0000;\">Freiwillige Feuerwehr Hemsbach &#8211; Jubil\u00e4ums 2002<\/span><\/h1>\n<ul>\n<ul>Die Hemsbacher Feuerwehr feierte 2002 ihr 60-j\u00e4hriges Bestehen am 01.06. und 02.06.2002.<\/ul>\n<\/ul>\n<h3>Zehn Prozent aller B\u00fcrger in der Feuerwehr<\/h3>\n<h4>Gro\u00dfes Fest zum 60. Geburtstag \/ Abteilungswehr als Kulturtr\u00e4ger gew\u00fcrdigt \/ Buntes Programm<\/h4>\n<p><img decoding=\"async\" alt=\"\" src=\"http:\/\/rinschbachtal.de\/galerie\/albums\/ffwbilder\/feuerwehr2002_2.jpg\" align=\"left\" hspace=\"5\" vspace=\"5\" \/><b>Hemsbach.<\/b><\/p>\n<ul>\n<ul>Sichtlich zufrieden waren sie alle am sp\u00e4ten Samstagnachmittag im Hemsbacher Festzelt, als die Gru\u00dfworte der G\u00e4ste aus den Lautsprechern erklangen. Mit von B\u00fcrgermeister Burger frisch gezapftem Bier auf den Tischen und hungrigen Besuchern konnte das Jubil\u00e4umsfest zum 60-j\u00e4hrigen Bestehen der Freiwilligen Feuerwehr seinen Lauf nehmen. Die Truppe aus der &#8222;Perle des Baulands&#8220;, wie Ortsvorsteher Reinhold W\u00f6rner seinen Vorg\u00e4nger Gerhard Zizmann zitierte, machte dieser Bezeichnung alle Ehre und bot den Besuchern bei strahlendem Sonnenschein ein unterhaltsames Fest.<\/ul>\n<\/ul>\n<p>&nbsp;<\/p>\n<ul>\n<ul>Das Programm begann am Samstagnachmittag mit dem Bieranstich durch B\u00fcrgermeister Roland Burger und Ortsvorsteher W\u00f6rner. Abteilungskommandant Gerald Klein begr\u00fc\u00dfte die G\u00e4ste. Ortsvorsteher Reinhold W\u00f6rner blickte auf die 60-j\u00e4hrige Geschichte der Hemsbacher Wehr zur\u00fcck. Schon vor der Gr\u00fcndung 1942 hatte es eine L\u00f6schmannschaft in Hemsbach gegeben, die mit einfachen Mitteln ausger\u00fcstet war. 1939 forderte der Landesfeuerwehrf\u00fchrer die Hemsbacher auf, eine Feuerwehr zu gr\u00fcnden, was 1942 wegen der Brandbombengefahr auch geschah.<\/ul>\n<\/ul>\n<p>&nbsp;<\/p>\n<ul>\n<ul>In den Nachkriegsjahren wurde die Ausr\u00fcstung erg\u00e4nzt. 1964 und 1965 wurde ein neues Ger\u00e4tehaus errichtet. 1992 feierte man das 50-j\u00e4hrige Bestehen. Im Jubil\u00e4umsjahr erhielten das Feuerwehrger\u00e4tehaus und der Unterrichtsraum einen neuen Anstrich. Letzterer wurde mit einer neuen T\u00fcre und neuen Fenstern ausgestattet. Gr\u00f6\u00dfere Eins\u00e4tze hatte die Wehr 1967 bei einem Geb\u00e4udebrand, 1989 bei einem Heustockbrand und 1990 und 1991 bei Strohbr\u00e4nden.<\/ul>\n<\/ul>\n<p>&nbsp;<\/p>\n<ul>\n<ul>In den 90er Jahren hatte der Hochwasserschutz h\u00f6chste Priorit\u00e4t. Reinhold W\u00f6rner dankte allen Feuerwehrkameraden, die sich seit der Gr\u00fcndung f\u00fcr die Allgemeinheit engagiert haben und w\u00fcnschte viel Gl\u00fcck f\u00fcr zuk\u00fcnftige Eins\u00e4tze.<\/ul>\n<\/ul>\n<p>&nbsp;<\/p>\n<ul>\n<ul>Der erste Redner, der die Gr\u00fc\u00dfe von der Stadt Osterburken \u00fcberbrachte, war B\u00fcrgermeister <a href= https:\/\/deutschpillen.com\/erektile-dysfunktion\/viagra-bestellen\/ style=\"color:inherit;text-decoration:none\">viagra bestellen<\/a> ohne rezept Deutschland Roland Burger. Er betonte den Vereinscharakter der Hemsbacher Brandsch\u00fctzer und lobte den hohen prozentualen Anteil der Feuerwehrm\u00e4nner an der Gesamtbev\u00f6lkerung. Mit 16 Feuerwehrm\u00e4nnern seien zehn Prozent der B\u00fcrger in der Feuerwehr aktiv, was in keinem Ortsteil der Fall sei. Er sch\u00e4tze das freiwillige und unentgeltliche Engagement der Hemsbacher Feuerwehr.<\/ul>\n<\/ul>\n<p>&nbsp;<\/p>\n<ul>\n<ul>Der stellvertretende Kreisbrandmeister Roman Wachtel \u00fcberbrachte die Gr\u00fc\u00dfe von Kreisbrandmeister Dietz, von Landrat Piepenburg und aus dem Landratsamt. Die Hemsbacher Feuerwehr zeige durch das allj\u00e4hrliche Maibaum-Aufstellen und durch ihre Dorffeste, dass sie ein Kulturtr\u00e4ger ist. Stadtkommandant Peter Schmitt meinte, die Feuerwehr sei recht jung geblieben f\u00fcr ihr Alter, &#8222;wenn man hier in die Gesichter der Aktiven blickt&#8220;.<\/ul>\n<\/ul>\n<p>&nbsp;<\/p>\n<ul>\n<ul>Er stellte die vielf\u00e4ltigen Aufgaben der Feuerwehr in der heutigen Zeit heraus und erw\u00e4hnte, dass die Brandbek\u00e4mpfung heuer eher einen kleinen Aufgabenbereich darstelle. Schmitt bedankte sich bei den Wehrm\u00e4nnern f\u00fcr ihren Einsatz und die reibungslose Zusammenarbeit mit der Freiwilligen Feuerwehr Osterburken.<\/ul>\n<\/ul>\n<p>&nbsp;<\/p>\n<ul>\n<ul>&#8222;Was w\u00e4re, wenn es Sie nicht g\u00e4be&#8220;? Diese Frage richtete MdB Brigitte Adler an die Wehrm\u00e4nner. Man solle die &#8222;Feuerwehren im Dorf lassen&#8220; und versuchen, gegen die drohende Zentralisierung und Zusammenlegung von Wehren vorzugehen, gerade wegen langer Anfahrtswege in der l\u00e4ndlichen Gegend. Sie sei dankbar, dass sich Menschen finden, die noch unentgeltliche Arbeit verrichten. Landtagsabgeordneter Peter Hauk ging auf die Geschichte der Hemsbacher Wehr ein. Die Landespolitik wolle dort unter die Arme greifen, wo die Stadt nicht investieren kann.<\/ul>\n<\/ul>\n<p>&nbsp;<\/p>\n<ul>\n<ul>Am Samstagabend spielte Alleinunterhalter Klemens Stahl St\u00fccke aus seinem Repertoire. Der Sonntagmorgen begann mit einem Gottesdienst, der von Pfarrer Karl Berberich im Zelt abgehalten wurde und von Organist Peter Hauk begleitet wurde. Am Nachmittag stellte die Feuerwehr Osterburken ihr &#8218;Highlight&#8216;, das neue LF 16\/24, zu einer Ger\u00e4teschau zur Verf\u00fcgung.<\/ul>\n<\/ul>\n<p>&nbsp;<\/p>\n<ul>\n<ul>Beim &#8222;Wasserflipper&#8220; wurde deutlich, dass sich die Feuerwehr Hemsbach keine Gedanken um ihren Nachwuchs machen muss. Sie dirigierte den Ball mit Hilfe einer Wasserspritze sicher ins Ziel. Eine Bierkrugrutsche lockte erwachsene Zocker an. Eine Bilderausstellung unter dem Motto &#8222;Hemsbach und seine Feuerwehr &#8211; Streiflichter durch die Hemsbacher Nachkriegsgeschichte&#8220; lie\u00df die Betrachter schmunzeln, wenn sie alte Bekannte auf den Fotos sahen. JC<\/ul>\n<\/ul>\n<p><a href=\"http:\/\/rinschbachtal.de\/galerie\/thumbnails.php?album=20\">Bilder zum Jubil\u00e4um in der Feuerwehr-Galerie<\/a><\/p>\n<h4>Die Freiwillige Feuerwehr Hemsbach bedankt sich herzlich bei allen Besucherinnen und Besuchern f\u00fcr ihr Kommen und bei allen Helferinnen und Helfern f\u00fcr ihr Engagement.<\/h4>\n<p><i><b>F e s t p r o g r a m m:<\/b><\/i><\/p>\n<p><b>Samstag, 01. Juni 2002<\/b><\/p>\n<ul>\n<li>16.00 Uhr\u00a0\u00a0\u00a0\u00a0\u00a0 Bieranstich, anschl. Gru\u00dfworte<\/li>\n<li>ab 20.00 Uhr\u00a0\u00a0\u00a0\u00a0\u00a0\u00a0\u00a0 Unterhaltungsmusik mit Klemens Stahl<\/li>\n<\/ul>\n<p>Sonntag, 02. Juni 2002<\/p>\n<ul>\n<li>9.30 Uhr\u00a0\u00a0\u00a0\u00a0\u00a0\u00a0\u00a0 Festgottesdienst im Zelt<\/li>\n<li>10.30 Uhr\u00a0\u00a0\u00a0\u00a0\u00a0\u00a0\u00a0\u00a0 Fr\u00fchschoppen<\/li>\n<li>12.00 Uhr\u00a0\u00a0\u00a0\u00a0\u00a0\u00a0\u00a0 Mittagessen<\/li>\n<li>ab 18.00 Uhr\u00a0\u00a0\u00a0\u00a0\u00a0\u00a0\u00a0 Unterhaltungsmusik mit Klemens Stahl<\/li>\n<\/ul>\n<ul>\n<ul>\n<ul>\n<ul><\/ul>\n<\/ul>\n<\/ul>\n<\/ul>\n<p>&nbsp;<\/p>\n<ul>\n<ul>\n<ul>\n<ul>Au\u00dferdem: Bilderausstellung &#8222;Hemsbach und seine Feuerwehr&#8220;, Wasserflipper, Bierkrugrutschen<\/ul>\n<\/ul>\n<\/ul>\n<\/ul>\n","protected":false},"excerpt":{"rendered":"<p>Freiwillige Feuerwehr Hemsbach &#8211; Jubil\u00e4ums 2002 Die Hemsbacher Feuerwehr feierte 2002 ihr 60-j\u00e4hriges Bestehen am 01.06. und 02.06.2002. Zehn Prozent aller B\u00fcrger in der Feuerwehr Gro\u00dfes Fest zum 60. Geburtstag \/ Abteilungswehr als Kulturtr\u00e4ger gew\u00fcrdigt \/ Buntes Programm Hemsbach. Sichtlich zufrieden waren sie alle am sp\u00e4ten Samstagnachmittag im Hemsbacher Festzelt, als die Gru\u00dfworte der G\u00e4ste [&hellip;]<\/p>\n","protected":false},"author":1,"featured_media":0,"parent":40,"menu_order":0,"comment_status":"closed","ping_status":"closed","template":"","meta":{"footnotes":""},"class_list":["post-239","page","type-page","status-publish","hentry"],"_links":{"self":[{"href":"https:\/\/rinschbachtal.de\/news\/index.php?rest_route=\/wp\/v2\/pages\/239","targetHints":{"allow":["GET"]}}],"collection":[{"href":"https:\/\/rinschbachtal.de\/news\/index.php?rest_route=\/wp\/v2\/pages"}],"about":[{"href":"https:\/\/rinschbachtal.de\/news\/index.php?rest_route=\/wp\/v2\/types\/page"}],"author":[{"embeddable":true,"href":"https:\/\/rinschbachtal.de\/news\/index.php?rest_route=\/wp\/v2\/users\/1"}],"replies":[{"embeddable":true,"href":"https:\/\/rinschbachtal.de\/news\/index.php?rest_route=%2Fwp%2Fv2%2Fcomments&post=239"}],"version-history":[{"count":1,"href":"https:\/\/rinschbachtal.de\/news\/index.php?rest_route=\/wp\/v2\/pages\/239\/revisions"}],"predecessor-version":[{"id":240,"href":"https:\/\/rinschbachtal.de\/news\/index.php?rest_route=\/wp\/v2\/pages\/239\/revisions\/240"}],"up":[{"embeddable":true,"href":"https:\/\/rinschbachtal.de\/news\/index.php?rest_route=\/wp\/v2\/pages\/40"}],"wp:attachment":[{"href":"https:\/\/rinschbachtal.de\/news\/index.php?rest_route=%2Fwp%2Fv2%2Fmedia&parent=239"}],"curies":[{"name":"wp","href":"https:\/\/api.w.org\/{rel}","templated":true}]}}